{"id":8410,"date":"2025-12-23T10:37:45","date_gmt":"2025-12-23T09:37:45","guid":{"rendered":"https:\/\/www.vantor-closeprotection.com\/legal-notice\/"},"modified":"2026-01-13T15:37:43","modified_gmt":"2026-01-13T14:37:43","slug":"mentions-legales","status":"publish","type":"page","link":"https:\/\/www.vantor-closeprotection.com\/fr\/mentions-legales\/","title":{"rendered":"Mentions l\u00e9gales"},"content":{"rendered":"\t\t<div data-elementor-type=\"wp-page\" data-elementor-id=\"8410\" class=\"elementor elementor-8410\" data-elementor-post-type=\"page\">\n\t\t\t\t<div class=\"elementor-element elementor-element-bf10c01 e-flex e-con-boxed e-con e-parent\" data-id=\"bf10c01\" data-element_type=\"container\">\n\t\t\t\t\t<div class=\"e-con-inner\">\n\t\t<div class=\"elementor-element elementor-element-7240681 e-con-full e-flex e-con e-child\" data-id=\"7240681\" data-element_type=\"container\">\n\t\t\t\t<\/div>\n\t\t<div class=\"elementor-element elementor-element-0f316f8 e-con-full e-flex e-con e-child\" data-id=\"0f316f8\" data-element_type=\"container\">\n\t\t\t\t<div class=\"elementor-element elementor-element-1e2bfac elementor-widget elementor-widget-text-editor\" data-id=\"1e2bfac\" data-element_type=\"widget\" data-widget_type=\"text-editor.default\">\n\t\t\t\t<div class=\"elementor-widget-container\">\n\t\t\t\t\t\t\t\t\tDerni\u00e8re mise \u00e0 jour : 06 janvier 2026\t\t\t\t\t\t\t\t<\/div>\n\t\t\t\t<\/div>\n\t\t\t\t<div class=\"elementor-element elementor-element-473a787 elementor-widget elementor-widget-hub_fancy_heading\" data-id=\"473a787\" data-element_type=\"widget\" data-widget_type=\"hub_fancy_heading.default\">\n\t\t\t\t<div class=\"elementor-widget-container\">\n\t\t\t\t\t\n\t\t<div id=\"ld-fancy-heading-69e228e6beb88\" class=\"ld-fancy-heading pos-rel\">\n\t\t\t<h2 class=\"ld-fh-element d-inline-block pos-rel  elementor-heading-title lqd-highlight-classic lqd-highlight-grow-left h2\"  > 1. Identification de l\u2019entreprise<\/h2>\t\t<\/div>\n\n\t\t\t\t\t\t<\/div>\n\t\t\t\t<\/div>\n\t\t\t\t<div class=\"elementor-element elementor-element-8baae58 elementor-widget elementor-widget-text-editor\" data-id=\"8baae58\" data-element_type=\"widget\" data-widget_type=\"text-editor.default\">\n\t\t\t\t<div class=\"elementor-widget-container\">\n\t\t\t\t\t\t\t\t\tVANTOR CONSULTING \u2013 FZCO\nLicence professionnelle \u2013 FZCO\n<strong>Si\u00e8ge social :<\/strong>\nDUQE SQUARE BUSINESS CENTER\nMina Rashid, Dubai, UAE\nContact: <a href=\"mailto:contact@vantor-closeprotection.com\">contact@vantor-closeprotection.com<\/a>\t\t\t\t\t\t\t\t<\/div>\n\t\t\t\t<\/div>\n\t\t\t\t<div class=\"elementor-element elementor-element-ebca564 elementor-widget elementor-widget-hub_fancy_heading\" data-id=\"ebca564\" data-element_type=\"widget\" data-widget_type=\"hub_fancy_heading.default\">\n\t\t\t\t<div class=\"elementor-widget-container\">\n\t\t\t\t\t\n\t\t<div id=\"ld-fancy-heading-69e228e6bf513\" class=\"ld-fancy-heading pos-rel\">\n\t\t\t<h2 class=\"ld-fh-element d-inline-block pos-rel  elementor-heading-title lqd-highlight-classic lqd-highlight-grow-left h2\"  > 2. Directeur de la publication<\/h2>\t\t<\/div>\n\n\t\t\t\t\t\t<\/div>\n\t\t\t\t<\/div>\n\t\t\t\t<div class=\"elementor-element elementor-element-57c2426 elementor-widget elementor-widget-text-editor\" data-id=\"57c2426\" data-element_type=\"widget\" data-widget_type=\"text-editor.default\">\n\t\t\t\t<div class=\"elementor-widget-container\">\n\t\t\t\t\t\t\t\t\t<p><span style=\"font-weight: 400;\">VANTOR CONSULTING \u2013 FZCO, repr\u00e9sent\u00e9 par son g\u00e9rant.<\/span><\/p>\t\t\t\t\t\t\t\t<\/div>\n\t\t\t\t<\/div>\n\t\t\t\t<div class=\"elementor-element elementor-element-bbbf220 elementor-widget elementor-widget-hub_fancy_heading\" data-id=\"bbbf220\" data-element_type=\"widget\" data-widget_type=\"hub_fancy_heading.default\">\n\t\t\t\t<div class=\"elementor-widget-container\">\n\t\t\t\t\t\n\t\t<div id=\"ld-fancy-heading-69e228e6bfc7b\" class=\"ld-fancy-heading pos-rel\">\n\t\t\t<h2 class=\"ld-fh-element d-inline-block pos-rel  elementor-heading-title lqd-highlight-classic lqd-highlight-grow-left h2\"  > 3. H\u00e9bergement du site<\/h2>\t\t<\/div>\n\n\t\t\t\t\t\t<\/div>\n\t\t\t\t<\/div>\n\t\t\t\t<div class=\"elementor-element elementor-element-34fd87b elementor-widget elementor-widget-text-editor\" data-id=\"34fd87b\" data-element_type=\"widget\" data-widget_type=\"text-editor.default\">\n\t\t\t\t<div class=\"elementor-widget-container\">\n\t\t\t\t\t\t\t\t\tOVH (bas\u00e9 en France)\t\t\t\t\t\t\t\t<\/div>\n\t\t\t\t<\/div>\n\t\t\t\t<div class=\"elementor-element elementor-element-4673ef9 elementor-widget elementor-widget-hub_fancy_heading\" data-id=\"4673ef9\" data-element_type=\"widget\" data-widget_type=\"hub_fancy_heading.default\">\n\t\t\t\t<div class=\"elementor-widget-container\">\n\t\t\t\t\t\n\t\t<div id=\"ld-fancy-heading-69e228e6c03db\" class=\"ld-fancy-heading pos-rel\">\n\t\t\t<h2 class=\"ld-fh-element d-inline-block pos-rel  elementor-heading-title lqd-highlight-classic lqd-highlight-grow-left h2\"  > 4. Propri\u00e9t\u00e9 intellectuelle<\/h2>\t\t<\/div>\n\n\t\t\t\t\t\t<\/div>\n\t\t\t\t<\/div>\n\t\t\t\t<div class=\"elementor-element elementor-element-ab2a6db elementor-widget elementor-widget-text-editor\" data-id=\"ab2a6db\" data-element_type=\"widget\" data-widget_type=\"text-editor.default\">\n\t\t\t\t<div class=\"elementor-widget-container\">\n\t\t\t\t\t\t\t\t\tLe site <a href=\"http:\/\/www.vantor-closeprotection.com\" target=\"_blank\" rel=\"noopener\">www.vantor-closeprotection.com<\/a> (le \u00ab Site \u00bb), sa structure, son design, ses contenus (textes, graphiques, logos, bases de donn\u00e9es) et tous les \u00e9l\u00e9ments qui y apparaissent sont prot\u00e9g\u00e9s par des droits de propri\u00e9t\u00e9 intellectuelle appartenant exclusivement \u00e0 VANTOR CONSULTING \u2013 FZCO ou \u00e0 ses conc\u00e9dants.\nToute reproduction, modification, diffusion ou exploitation, m\u00eame partielle, est interdite sans autorisation pr\u00e9alable \u00e9crite.\n\t\t\t\t\t\t\t\t<\/div>\n\t\t\t\t<\/div>\n\t\t\t\t<div class=\"elementor-element elementor-element-25db219 elementor-widget elementor-widget-hub_fancy_heading\" data-id=\"25db219\" data-element_type=\"widget\" data-widget_type=\"hub_fancy_heading.default\">\n\t\t\t\t<div class=\"elementor-widget-container\">\n\t\t\t\t\t\n\t\t<div id=\"ld-fancy-heading-69e228e6c0b96\" class=\"ld-fancy-heading pos-rel\">\n\t\t\t<h2 class=\"ld-fh-element d-inline-block pos-rel  elementor-heading-title lqd-highlight-classic lqd-highlight-grow-left h2\"  > 5. Utilisation du Site<\/h2>\t\t<\/div>\n\n\t\t\t\t\t\t<\/div>\n\t\t\t\t<\/div>\n\t\t\t\t<div class=\"elementor-element elementor-element-b1a8527 elementor-widget elementor-widget-text-editor\" data-id=\"b1a8527\" data-element_type=\"widget\" data-widget_type=\"text-editor.default\">\n\t\t\t\t<div class=\"elementor-widget-container\">\n\t\t\t\t\t\t\t\t\tL\u2019acc\u00e8s et l\u2019utilisation du Site sont soumis aux pr\u00e9sentes mentions l\u00e9gales et au droit applicable.\nVANTOR CONSULTING \u2013 FZCO se r\u00e9serve le droit de modifier, suspendre ou interrompre le Site ou l\u2019une de ses fonctionnalit\u00e9s, \u00e0 tout moment, sans pr\u00e9avis et sans responsabilit\u00e9.\nLe Site est fourni \u00ab en l\u2019\u00e9tat \u00bb sans aucune garantie d\u2019aucune sorte, explicite ou implicite.\n\t\t\t\t\t\t\t\t<\/div>\n\t\t\t\t<\/div>\n\t\t\t\t<div class=\"elementor-element elementor-element-0b0f413 elementor-widget elementor-widget-hub_fancy_heading\" data-id=\"0b0f413\" data-element_type=\"widget\" data-widget_type=\"hub_fancy_heading.default\">\n\t\t\t\t<div class=\"elementor-widget-container\">\n\t\t\t\t\t\n\t\t<div id=\"ld-fancy-heading-69e228e6c130c\" class=\"ld-fancy-heading pos-rel\">\n\t\t\t<h2 class=\"ld-fh-element d-inline-block pos-rel  elementor-heading-title lqd-highlight-classic lqd-highlight-grow-left h2\"  > 6. Protection des donn\u00e9es personnelles<\/h2>\t\t<\/div>\n\n\t\t\t\t\t\t<\/div>\n\t\t\t\t<\/div>\n\t\t\t\t<div class=\"elementor-element elementor-element-70d6439 elementor-widget elementor-widget-text-editor\" data-id=\"70d6439\" data-element_type=\"widget\" data-widget_type=\"text-editor.default\">\n\t\t\t\t<div class=\"elementor-widget-container\">\n\t\t\t\t\t\t\t\t\tConsultez notre <a href=\"https:\/\/www.vantor-closeprotection.com\/fr\/privacy-policy\/\" target=\"_blank\" rel=\"noopener\">Politique de confidentialit\u00e9<\/a> et <a href=\"https:\/\/www.vantor-closeprotection.com\/fr\/cookie-policy\/\" target=\"_blank\" rel=\"noopener\">Politique de cookies<\/a> pour toute information sur le traitement de vos donn\u00e9es personnelles.\n\t\t\t\t\t\t\t\t<\/div>\n\t\t\t\t<\/div>\n\t\t\t\t<div class=\"elementor-element elementor-element-196f54c elementor-widget elementor-widget-hub_fancy_heading\" data-id=\"196f54c\" data-element_type=\"widget\" data-widget_type=\"hub_fancy_heading.default\">\n\t\t\t\t<div class=\"elementor-widget-container\">\n\t\t\t\t\t\n\t\t<div id=\"ld-fancy-heading-69e228e6c1aa3\" class=\"ld-fancy-heading pos-rel\">\n\t\t\t<h2 class=\"ld-fh-element d-inline-block pos-rel  elementor-heading-title lqd-highlight-classic lqd-highlight-grow-left h2\"  > 7. Limitation de responsabilit\u00e9<\/h2>\t\t<\/div>\n\n\t\t\t\t\t\t<\/div>\n\t\t\t\t<\/div>\n\t\t\t\t<div class=\"elementor-element elementor-element-85de4dd elementor-widget elementor-widget-text-editor\" data-id=\"85de4dd\" data-element_type=\"widget\" data-widget_type=\"text-editor.default\">\n\t\t\t\t<div class=\"elementor-widget-container\">\n\t\t\t\t\t\t\t\t\tVANTOR CONSULTING \u2013 FZCO ne peut \u00eatre tenu responsable des dommages directs ou indirects r\u00e9sultant de l\u2019acc\u00e8s ou de l\u2019utilisation du Site, y compris toute perte de donn\u00e9es, virus, interruptions ou dysfonctionnements.\nNous veillons \u00e0 fournir des informations pr\u00e9cises et actualis\u00e9es mais ne pouvons garantir l\u2019exhaustivit\u00e9 ou l\u2019absence d\u2019erreurs.\n\t\t\t\t\t\t\t\t<\/div>\n\t\t\t\t<\/div>\n\t\t\t\t<div class=\"elementor-element elementor-element-07852b4 elementor-widget elementor-widget-hub_fancy_heading\" data-id=\"07852b4\" data-element_type=\"widget\" data-widget_type=\"hub_fancy_heading.default\">\n\t\t\t\t<div class=\"elementor-widget-container\">\n\t\t\t\t\t\n\t\t<div id=\"ld-fancy-heading-69e228e6c2207\" class=\"ld-fancy-heading pos-rel\">\n\t\t\t<h2 class=\"ld-fh-element d-inline-block pos-rel  elementor-heading-title lqd-highlight-classic lqd-highlight-grow-left h2\"  > 8. Liens hypertextes<\/h2>\t\t<\/div>\n\n\t\t\t\t\t\t<\/div>\n\t\t\t\t<\/div>\n\t\t\t\t<div class=\"elementor-element elementor-element-b9bcbb4 elementor-widget elementor-widget-text-editor\" data-id=\"b9bcbb4\" data-element_type=\"widget\" data-widget_type=\"text-editor.default\">\n\t\t\t\t<div class=\"elementor-widget-container\">\n\t\t\t\t\t\t\t\t\tLe Site peut contenir des liens vers des sites tiers. VANTOR CONSULTING \u2013 FZCO n\u2019exerce aucun contr\u00f4le sur ces sites et d\u00e9cline toute responsabilit\u00e9 quant \u00e0 leur contenu, publicit\u00e9s, produits ou services.\t\t\t\t\t\t\t\t<\/div>\n\t\t\t\t<\/div>\n\t\t\t\t<div class=\"elementor-element elementor-element-b5fd478 elementor-widget elementor-widget-hub_fancy_heading\" data-id=\"b5fd478\" data-element_type=\"widget\" data-widget_type=\"hub_fancy_heading.default\">\n\t\t\t\t<div class=\"elementor-widget-container\">\n\t\t\t\t\t\n\t\t<div id=\"ld-fancy-heading-69e228e6c294c\" class=\"ld-fancy-heading pos-rel\">\n\t\t\t<h2 class=\"ld-fh-element d-inline-block pos-rel  elementor-heading-title lqd-highlight-classic lqd-highlight-grow-left h2\"  > 9. Loi applicable et juridiction<\/h2>\t\t<\/div>\n\n\t\t\t\t\t\t<\/div>\n\t\t\t\t<\/div>\n\t\t\t\t<div class=\"elementor-element elementor-element-c371696 elementor-widget elementor-widget-text-editor\" data-id=\"c371696\" data-element_type=\"widget\" data-widget_type=\"text-editor.default\">\n\t\t\t\t<div class=\"elementor-widget-container\">\n\t\t\t\t\t\t\t\t\tLes pr\u00e9sentes Mentions l\u00e9gales sont r\u00e9gies par le droit des \u00c9mirats arabes unis.\nTout litige relatif \u00e0 l\u2019interpr\u00e9tation ou \u00e0 l\u2019ex\u00e9cution des pr\u00e9sentes Mentions l\u00e9gales sera soumis \u00e0 la comp\u00e9tence exclusive des tribunaux de Duba\u00ef.\t\t\t\t\t\t\t\t<\/div>\n\t\t\t\t<\/div>\n\t\t\t\t<div class=\"elementor-element elementor-element-f9ebc87 elementor-widget elementor-widget-hub_fancy_heading\" data-id=\"f9ebc87\" data-element_type=\"widget\" data-widget_type=\"hub_fancy_heading.default\">\n\t\t\t\t<div class=\"elementor-widget-container\">\n\t\t\t\t\t\n\t\t<div id=\"ld-fancy-heading-69e228e6c3042\" class=\"ld-fancy-heading pos-rel\">\n\t\t\t<h2 class=\"ld-fh-element d-inline-block pos-rel  elementor-heading-title lqd-highlight-classic lqd-highlight-grow-left h2\"  > 10. Mise \u00e0 jour<\/h2>\t\t<\/div>\n\n\t\t\t\t\t\t<\/div>\n\t\t\t\t<\/div>\n\t\t\t\t<div class=\"elementor-element elementor-element-afe9041 elementor-widget elementor-widget-text-editor\" data-id=\"afe9041\" data-element_type=\"widget\" data-widget_type=\"text-editor.default\">\n\t\t\t\t<div class=\"elementor-widget-container\">\n\t\t\t\t\t\t\t\t\tVANTOR CONSULTING \u2013 FZCO se r\u00e9serve le droit de mettre \u00e0 jour les pr\u00e9sentes Mentions l\u00e9gales \u00e0 tout moment. La version mise \u00e0 jour sera publi\u00e9e sur cette page avec la nouvelle date de mise \u00e0 jour.\t\t\t\t\t\t\t\t<\/div>\n\t\t\t\t<\/div>\n\t\t\t\t<\/div>\n\t\t<div class=\"elementor-element elementor-element-9aecc20 e-con-full e-flex e-con e-child\" data-id=\"9aecc20\" data-element_type=\"container\">\n\t\t\t\t<\/div>\n\t\t\t\t\t<\/div>\n\t\t\t\t<\/div>\n\t\t\t\t<\/div>\n\t\t","protected":false},"excerpt":{"rendered":"<p>Derni\u00e8re mise \u00e0 jour : 06 janvier 2026 1. Identification de l\u2019entreprise VANTOR CONSULTING \u2013 FZCO Licence professionnelle \u2013 FZCO Si\u00e8ge social : DUQE SQUARE BUSINESS CENTER Mina Rashid, Dubai, UAE Contact: contact@vantor-closeprotection.com 2. Directeur de la publication VANTOR CONSULTING \u2013 FZCO, repr\u00e9sent\u00e9 par son g\u00e9rant. 3. H\u00e9bergement du site OVH (bas\u00e9 en France) 4. [&hellip;]<\/p>\n","protected":false},"author":1,"featured_media":0,"parent":0,"menu_order":0,"comment_status":"closed","ping_status":"closed","template":"","meta":{"footnotes":""},"class_list":["post-8410","page","type-page","status-publish","hentry"],"yoast_head":"<!-- This site is optimized with the Yoast SEO Premium plugin v20.3 (Yoast SEO v26.7) - https:\/\/yoast.com\/wordpress\/plugins\/seo\/ -->\n<title>Mentions l\u00e9gales | Vantor<\/title>\n<meta name=\"description\" content=\"Mentions l\u00e9gales et informations juridiques relatives \u00e0 Vantor, cabinet de conseil en s\u00e9curit\u00e9.\" \/>\n<meta name=\"robots\" content=\"index, follow, max-snippet:-1, max-image-preview:large, max-video-preview:-1\" \/>\n<link rel=\"canonical\" href=\"https:\/\/www.vantor-closeprotection.com\/fr\/mentions-legales\/\" \/>\n<meta property=\"og:locale\" content=\"fr_FR\" \/>\n<meta property=\"og:type\" content=\"article\" \/>\n<meta property=\"og:title\" content=\"Mentions l\u00e9gales\" \/>\n<meta property=\"og:description\" content=\"Mentions l\u00e9gales et informations juridiques relatives \u00e0 Vantor, cabinet de conseil en s\u00e9curit\u00e9.\" \/>\n<meta property=\"og:url\" content=\"https:\/\/www.vantor-closeprotection.com\/fr\/mentions-legales\/\" \/>\n<meta property=\"og:site_name\" content=\"Vantor\" \/>\n<meta property=\"article:modified_time\" content=\"2026-01-13T14:37:43+00:00\" \/>\n<meta name=\"twitter:card\" content=\"summary_large_image\" \/>\n<meta name=\"twitter:label1\" content=\"Dur\u00e9e de lecture estim\u00e9e\" \/>\n\t<meta name=\"twitter:data1\" content=\"2 minutes\" \/>\n<script type=\"application\/ld+json\" class=\"yoast-schema-graph\">{\"@context\":\"https:\/\/schema.org\",\"@graph\":[{\"@type\":\"WebPage\",\"@id\":\"https:\/\/www.vantor-closeprotection.com\/fr\/mentions-legales\/\",\"url\":\"https:\/\/www.vantor-closeprotection.com\/fr\/mentions-legales\/\",\"name\":\"Mentions l\u00e9gales | Vantor\",\"isPartOf\":{\"@id\":\"https:\/\/www.vantor-closeprotection.com\/#website\"},\"datePublished\":\"2025-12-23T09:37:45+00:00\",\"dateModified\":\"2026-01-13T14:37:43+00:00\",\"description\":\"Mentions l\u00e9gales et informations juridiques relatives \u00e0 Vantor, cabinet de conseil en s\u00e9curit\u00e9.\",\"breadcrumb\":{\"@id\":\"https:\/\/www.vantor-closeprotection.com\/fr\/mentions-legales\/#breadcrumb\"},\"inLanguage\":\"fr-FR\",\"potentialAction\":[{\"@type\":\"ReadAction\",\"target\":[\"https:\/\/www.vantor-closeprotection.com\/fr\/mentions-legales\/\"]}]},{\"@type\":\"BreadcrumbList\",\"@id\":\"https:\/\/www.vantor-closeprotection.com\/fr\/mentions-legales\/#breadcrumb\",\"itemListElement\":[{\"@type\":\"ListItem\",\"position\":1,\"name\":\"Home\",\"item\":\"https:\/\/www.vantor-closeprotection.com\/\"},{\"@type\":\"ListItem\",\"position\":2,\"name\":\"Mentions l\u00e9gales\"}]},{\"@type\":\"WebSite\",\"@id\":\"https:\/\/www.vantor-closeprotection.com\/#website\",\"url\":\"https:\/\/www.vantor-closeprotection.com\/\",\"name\":\"Vantor\",\"description\":\"Risk Management\",\"potentialAction\":[{\"@type\":\"SearchAction\",\"target\":{\"@type\":\"EntryPoint\",\"urlTemplate\":\"https:\/\/www.vantor-closeprotection.com\/?s={search_term_string}\"},\"query-input\":{\"@type\":\"PropertyValueSpecification\",\"valueRequired\":true,\"valueName\":\"search_term_string\"}}],\"inLanguage\":\"fr-FR\"}]}<\/script>\n<!-- \/ Yoast SEO Premium plugin. -->","yoast_head_json":{"title":"Mentions l\u00e9gales | Vantor","description":"Mentions l\u00e9gales et informations juridiques relatives \u00e0 Vantor, cabinet de conseil en s\u00e9curit\u00e9.","robots":{"index":"index","follow":"follow","max-snippet":"max-snippet:-1","max-image-preview":"max-image-preview:large","max-video-preview":"max-video-preview:-1"},"canonical":"https:\/\/www.vantor-closeprotection.com\/fr\/mentions-legales\/","og_locale":"fr_FR","og_type":"article","og_title":"Mentions l\u00e9gales","og_description":"Mentions l\u00e9gales et informations juridiques relatives \u00e0 Vantor, cabinet de conseil en s\u00e9curit\u00e9.","og_url":"https:\/\/www.vantor-closeprotection.com\/fr\/mentions-legales\/","og_site_name":"Vantor","article_modified_time":"2026-01-13T14:37:43+00:00","twitter_card":"summary_large_image","twitter_misc":{"Dur\u00e9e de lecture estim\u00e9e":"2 minutes"},"schema":{"@context":"https:\/\/schema.org","@graph":[{"@type":"WebPage","@id":"https:\/\/www.vantor-closeprotection.com\/fr\/mentions-legales\/","url":"https:\/\/www.vantor-closeprotection.com\/fr\/mentions-legales\/","name":"Mentions l\u00e9gales | Vantor","isPartOf":{"@id":"https:\/\/www.vantor-closeprotection.com\/#website"},"datePublished":"2025-12-23T09:37:45+00:00","dateModified":"2026-01-13T14:37:43+00:00","description":"Mentions l\u00e9gales et informations juridiques relatives \u00e0 Vantor, cabinet de conseil en s\u00e9curit\u00e9.","breadcrumb":{"@id":"https:\/\/www.vantor-closeprotection.com\/fr\/mentions-legales\/#breadcrumb"},"inLanguage":"fr-FR","potentialAction":[{"@type":"ReadAction","target":["https:\/\/www.vantor-closeprotection.com\/fr\/mentions-legales\/"]}]},{"@type":"BreadcrumbList","@id":"https:\/\/www.vantor-closeprotection.com\/fr\/mentions-legales\/#breadcrumb","itemListElement":[{"@type":"ListItem","position":1,"name":"Home","item":"https:\/\/www.vantor-closeprotection.com\/"},{"@type":"ListItem","position":2,"name":"Mentions l\u00e9gales"}]},{"@type":"WebSite","@id":"https:\/\/www.vantor-closeprotection.com\/#website","url":"https:\/\/www.vantor-closeprotection.com\/","name":"Vantor","description":"Risk Management","potentialAction":[{"@type":"SearchAction","target":{"@type":"EntryPoint","urlTemplate":"https:\/\/www.vantor-closeprotection.com\/?s={search_term_string}"},"query-input":{"@type":"PropertyValueSpecification","valueRequired":true,"valueName":"search_term_string"}}],"inLanguage":"fr-FR"}]}},"_links":{"self":[{"href":"https:\/\/www.vantor-closeprotection.com\/fr\/wp-json\/wp\/v2\/pages\/8410","targetHints":{"allow":["GET"]}}],"collection":[{"href":"https:\/\/www.vantor-closeprotection.com\/fr\/wp-json\/wp\/v2\/pages"}],"about":[{"href":"https:\/\/www.vantor-closeprotection.com\/fr\/wp-json\/wp\/v2\/types\/page"}],"author":[{"embeddable":true,"href":"https:\/\/www.vantor-closeprotection.com\/fr\/wp-json\/wp\/v2\/users\/1"}],"replies":[{"embeddable":true,"href":"https:\/\/www.vantor-closeprotection.com\/fr\/wp-json\/wp\/v2\/comments?post=8410"}],"version-history":[{"count":8,"href":"https:\/\/www.vantor-closeprotection.com\/fr\/wp-json\/wp\/v2\/pages\/8410\/revisions"}],"predecessor-version":[{"id":8850,"href":"https:\/\/www.vantor-closeprotection.com\/fr\/wp-json\/wp\/v2\/pages\/8410\/revisions\/8850"}],"wp:attachment":[{"href":"https:\/\/www.vantor-closeprotection.com\/fr\/wp-json\/wp\/v2\/media?parent=8410"}],"curies":[{"name":"wp","href":"https:\/\/api.w.org\/{rel}","templated":true}]}}