{"id":8416,"date":"2025-12-23T10:38:26","date_gmt":"2025-12-23T09:38:26","guid":{"rendered":"https:\/\/www.vantor-closeprotection.com\/cookie-policy\/"},"modified":"2026-01-13T15:38:48","modified_gmt":"2026-01-13T14:38:48","slug":"politique-cookies","status":"publish","type":"page","link":"https:\/\/www.vantor-closeprotection.com\/fr\/politique-cookies\/","title":{"rendered":"Cookies"},"content":{"rendered":"\t\t<div data-elementor-type=\"wp-page\" data-elementor-id=\"8416\" class=\"elementor elementor-8416\" data-elementor-post-type=\"page\">\n\t\t\t\t<div class=\"elementor-element elementor-element-8c3272d e-flex e-con-boxed e-con e-parent\" data-id=\"8c3272d\" data-element_type=\"container\">\n\t\t\t\t\t<div class=\"e-con-inner\">\n\t\t<div class=\"elementor-element elementor-element-f928159 e-con-full e-flex e-con e-child\" data-id=\"f928159\" data-element_type=\"container\">\n\t\t\t\t<\/div>\n\t\t<div class=\"elementor-element elementor-element-86d2a1e e-con-full e-flex e-con e-child\" data-id=\"86d2a1e\" data-element_type=\"container\">\n\t\t\t\t<div class=\"elementor-element elementor-element-9775546 elementor-widget elementor-widget-hub_fancy_heading\" data-id=\"9775546\" data-element_type=\"widget\" data-widget_type=\"hub_fancy_heading.default\">\n\t\t\t\t<div class=\"elementor-widget-container\">\n\t\t\t\t\t\n\t\t<div id=\"ld-fancy-heading-69e228e6bd3a4\" class=\"ld-fancy-heading pos-rel\">\n\t\t\t<h2 class=\"ld-fh-element d-inline-block pos-rel  elementor-heading-title lqd-highlight-classic lqd-highlight-grow-left h2\"  > 1. Utilisation des cookies<\/h2>\t\t<\/div>\n\n\t\t\t\t\t\t<\/div>\n\t\t\t\t<\/div>\n\t\t\t\t<div class=\"elementor-element elementor-element-8a2e782 elementor-widget elementor-widget-text-editor\" data-id=\"8a2e782\" data-element_type=\"widget\" data-widget_type=\"text-editor.default\">\n\t\t\t\t<div class=\"elementor-widget-container\">\n\t\t\t\t\t\t\t\t\tLorsque vous consultez le site <a href=\"http:\/\/www.vantor-closeprotection.com\" target=\"_blank\" rel=\"noopener\">www.vantor-closeprotection.com<\/a> (le \u00ab Site \u00bb), des cookies et autres traceurs peuvent \u00eatre d\u00e9pos\u00e9s sur votre terminal (ordinateur, tablette, smartphone) afin d\u2019assurer le bon fonctionnement du Site, mesurer son audience et, le cas \u00e9ch\u00e9ant, vous proposer des contenus personnalis\u00e9s.\u200b\nVous pouvez \u00e0 tout moment accepter, refuser ou modifier vos pr\u00e9f\u00e9rences en mati\u00e8re de cookies depuis le bandeau d\u2019information ou les param\u00e8tres de votre navigateur.\u200b\t\t\t\t\t\t\t\t<\/div>\n\t\t\t\t<\/div>\n\t\t\t\t<div class=\"elementor-element elementor-element-b5520a8 elementor-widget elementor-widget-hub_fancy_heading\" data-id=\"b5520a8\" data-element_type=\"widget\" data-widget_type=\"hub_fancy_heading.default\">\n\t\t\t\t<div class=\"elementor-widget-container\">\n\t\t\t\t\t\n\t\t<div id=\"ld-fancy-heading-69e228e6bd9bc\" class=\"ld-fancy-heading pos-rel\">\n\t\t\t<h2 class=\"ld-fh-element d-inline-block pos-rel  elementor-heading-title lqd-highlight-classic lqd-highlight-grow-left h2\"  > 2. Qu\u2019est-ce qu\u2019un cookie ?<\/h2>\t\t<\/div>\n\n\t\t\t\t\t\t<\/div>\n\t\t\t\t<\/div>\n\t\t\t\t<div class=\"elementor-element elementor-element-ca9fc27 elementor-widget elementor-widget-text-editor\" data-id=\"ca9fc27\" data-element_type=\"widget\" data-widget_type=\"text-editor.default\">\n\t\t\t\t<div class=\"elementor-widget-container\">\n\t\t\t\t\t\t\t\t\tUn cookie est un petit fichier texte d\u00e9pos\u00e9 sur votre terminal lors de la consultation d\u2019un site internet.\u200b\nIl permet, pendant sa dur\u00e9e de validit\u00e9, de reconna\u00eetre le terminal concern\u00e9 et de conserver certaines informations de navigation (par exemple vos pr\u00e9f\u00e9rences de langue ou les pages consult\u00e9es).\u200b\t\t\t\t\t\t\t\t<\/div>\n\t\t\t\t<\/div>\n\t\t\t\t<div class=\"elementor-element elementor-element-09798d5 elementor-widget elementor-widget-hub_fancy_heading\" data-id=\"09798d5\" data-element_type=\"widget\" data-widget_type=\"hub_fancy_heading.default\">\n\t\t\t\t<div class=\"elementor-widget-container\">\n\t\t\t\t\t\n\t\t<div id=\"ld-fancy-heading-69e228e6bde41\" class=\"ld-fancy-heading pos-rel\">\n\t\t\t<h2 class=\"ld-fh-element d-inline-block pos-rel  elementor-heading-title lqd-highlight-classic lqd-highlight-grow-left h2\"  > 3. Types de cookies utilis\u00e9s<\/h2>\t\t<\/div>\n\n\t\t\t\t\t\t<\/div>\n\t\t\t\t<\/div>\n\t\t\t\t<div class=\"elementor-element elementor-element-9819f01 elementor-widget elementor-widget-text-editor\" data-id=\"9819f01\" data-element_type=\"widget\" data-widget_type=\"text-editor.default\">\n\t\t\t\t<div class=\"elementor-widget-container\">\n\t\t\t\t\t\t\t\t\tSur le Site, les cat\u00e9gories de cookies suivantes peuvent \u00eatre utilis\u00e9es :\u200b\n<ul>\n \t<li>Cookies strictement n\u00e9cessaires : indispensables au fonctionnement du Site (s\u00e9curit\u00e9, choix de langue, acc\u00e8s \u00e0 certaines fonctionnalit\u00e9s).<\/li>\n \t<li>Cookies de mesure d\u2019audience : utilis\u00e9s pour obtenir des statistiques anonymes de fr\u00e9quentation et am\u00e9liorer la performance du Site (par exemple via Google Analytics ou un outil \u00e9quivalent).<\/li>\n \t<li>Cookies publicitaires et de suivi : utilis\u00e9s, le cas \u00e9ch\u00e9ant, pour mesurer l\u2019efficacit\u00e9 de nos campagnes (par exemple Google Ads) et afficher des annonces plus pertinentes, sans profilage excessif.\u200b<\/li>\n<\/ul>\nLe d\u00e9p\u00f4t de cookies autres que strictement n\u00e9cessaires est soumis \u00e0 votre consentement pr\u00e9alable.\t\t\t\t\t\t\t\t<\/div>\n\t\t\t\t<\/div>\n\t\t\t\t<div class=\"elementor-element elementor-element-05e037b elementor-widget elementor-widget-hub_fancy_heading\" data-id=\"05e037b\" data-element_type=\"widget\" data-widget_type=\"hub_fancy_heading.default\">\n\t\t\t\t<div class=\"elementor-widget-container\">\n\t\t\t\t\t\n\t\t<div id=\"ld-fancy-heading-69e228e6be2bc\" class=\"ld-fancy-heading pos-rel\">\n\t\t\t<h2 class=\"ld-fh-element d-inline-block pos-rel  elementor-heading-title lqd-highlight-classic lqd-highlight-grow-left h2\"  > 4. Gestion de votre consentement<\/h2>\t\t<\/div>\n\n\t\t\t\t\t\t<\/div>\n\t\t\t\t<\/div>\n\t\t\t\t<div class=\"elementor-element elementor-element-3d29436 elementor-widget elementor-widget-text-editor\" data-id=\"3d29436\" data-element_type=\"widget\" data-widget_type=\"text-editor.default\">\n\t\t\t\t<div class=\"elementor-widget-container\">\n\t\t\t\t\t\t\t\t\tLors de votre premi\u00e8re visite sur le Site, un bandeau vous informe de l\u2019utilisation de cookies et vous propose :\u200b\n<ul>\n \t<li>d\u2019\u00ab Accepter \u00bb l\u2019ensemble des cookies non essentiels ;\n<\/li>\n \t<li>de les \u00ab Refuser \u00bb ;\n<\/li>\n \t<li>ou de personnaliser vos choix par cat\u00e9gorie.<\/li>\n<\/ul>\nVous pouvez revenir sur votre choix \u00e0 tout moment en cliquant sur le lien \u00ab G\u00e9rer mes cookies \u00bb (ou intitul\u00e9 \u00e9quivalent) disponible en bas de page du Site, ou via les param\u00e8tres de votre navigateur (Chrome, Safari, Firefox, Edge, etc.).\u200b\t\t\t\t\t\t\t\t<\/div>\n\t\t\t\t<\/div>\n\t\t\t\t<div class=\"elementor-element elementor-element-dafba70 elementor-widget elementor-widget-hub_fancy_heading\" data-id=\"dafba70\" data-element_type=\"widget\" data-widget_type=\"hub_fancy_heading.default\">\n\t\t\t\t<div class=\"elementor-widget-container\">\n\t\t\t\t\t\n\t\t<div id=\"ld-fancy-heading-69e228e6be723\" class=\"ld-fancy-heading pos-rel\">\n\t\t\t<h2 class=\"ld-fh-element d-inline-block pos-rel  elementor-heading-title lqd-highlight-classic lqd-highlight-grow-left h2\"  > 5. Dur\u00e9e de conservation<\/h2>\t\t<\/div>\n\n\t\t\t\t\t\t<\/div>\n\t\t\t\t<\/div>\n\t\t\t\t<div class=\"elementor-element elementor-element-185b261 elementor-widget elementor-widget-text-editor\" data-id=\"185b261\" data-element_type=\"widget\" data-widget_type=\"text-editor.default\">\n\t\t\t\t<div class=\"elementor-widget-container\">\n\t\t\t\t\t\t\t\t\tLa dur\u00e9e de conservation d\u2019un cookie varie selon sa finalit\u00e9 et ne d\u00e9passe pas 13 mois \u00e0 compter de son d\u00e9p\u00f4t sur votre terminal.\u200b\nLes informations collect\u00e9es au moyen des cookies de mesure d\u2019audience et de publicit\u00e9 sont conserv\u00e9es pendant la dur\u00e9e strictement n\u00e9cessaire aux finalit\u00e9s poursuivies, puis supprim\u00e9es ou anonymis\u00e9es.\u200b\t\t\t\t\t\t\t\t<\/div>\n\t\t\t\t<\/div>\n\t\t\t\t<div class=\"elementor-element elementor-element-c37a14f elementor-widget elementor-widget-hub_fancy_heading\" data-id=\"c37a14f\" data-element_type=\"widget\" data-widget_type=\"hub_fancy_heading.default\">\n\t\t\t\t<div class=\"elementor-widget-container\">\n\t\t\t\t\t\n\t\t<div id=\"ld-fancy-heading-69e228e6beb76\" class=\"ld-fancy-heading pos-rel\">\n\t\t\t<h2 class=\"ld-fh-element d-inline-block pos-rel  elementor-heading-title lqd-highlight-classic lqd-highlight-grow-left h2\"  > 6. Cookies de tiers<\/h2>\t\t<\/div>\n\n\t\t\t\t\t\t<\/div>\n\t\t\t\t<\/div>\n\t\t\t\t<div class=\"elementor-element elementor-element-74bfec4 elementor-widget elementor-widget-text-editor\" data-id=\"74bfec4\" data-element_type=\"widget\" data-widget_type=\"text-editor.default\">\n\t\t\t\t<div class=\"elementor-widget-container\">\n\t\t\t\t\t\t\t\t\tCertains cookies peuvent \u00eatre d\u00e9pos\u00e9s par des soci\u00e9t\u00e9s tierces (par exemple Google, plateformes sociales ou partenaires publicitaires) lorsque vous acc\u00e9dez \u00e0 certains contenus ou lorsque vous interagissez avec leurs services int\u00e9gr\u00e9s au Site.\u200b\nCes tiers sont responsables des traitements qu\u2019ils r\u00e9alisent et leurs politiques de confidentialit\u00e9\/cookies s\u2019appliquent ; il est recommand\u00e9 de les consulter directement sur leurs sites respectifs.\u200b\t\t\t\t\t\t\t\t<\/div>\n\t\t\t\t<\/div>\n\t\t\t\t<div class=\"elementor-element elementor-element-cf8495a elementor-widget elementor-widget-hub_fancy_heading\" data-id=\"cf8495a\" data-element_type=\"widget\" data-widget_type=\"hub_fancy_heading.default\">\n\t\t\t\t<div class=\"elementor-widget-container\">\n\t\t\t\t\t\n\t\t<div id=\"ld-fancy-heading-69e228e6befba\" class=\"ld-fancy-heading pos-rel\">\n\t\t\t<h2 class=\"ld-fh-element d-inline-block pos-rel  elementor-heading-title lqd-highlight-classic lqd-highlight-grow-left h2\"  > 7. Contact<\/h2>\t\t<\/div>\n\n\t\t\t\t\t\t<\/div>\n\t\t\t\t<\/div>\n\t\t\t\t<div class=\"elementor-element elementor-element-ee7a02c elementor-widget elementor-widget-text-editor\" data-id=\"ee7a02c\" data-element_type=\"widget\" data-widget_type=\"text-editor.default\">\n\t\t\t\t<div class=\"elementor-widget-container\">\n\t\t\t\t\t\t\t\t\tPour toute question relative \u00e0 l\u2019utilisation des cookies sur le Site ou \u00e0 la protection de vos donn\u00e9es personnelles, vous pouvez contacter \u00e0 l\u2019adresse email suivante : <a href=\"mailto:contact@vantor-closeprotection.com\">contact@vantor-closeprotection.com<\/a>\t\t\t\t\t\t\t\t<\/div>\n\t\t\t\t<\/div>\n\t\t\t\t<\/div>\n\t\t<div class=\"elementor-element elementor-element-c5647d7 e-con-full e-flex e-con e-child\" data-id=\"c5647d7\" data-element_type=\"container\">\n\t\t\t\t<\/div>\n\t\t\t\t\t<\/div>\n\t\t\t\t<\/div>\n\t\t\t\t<\/div>\n\t\t","protected":false},"excerpt":{"rendered":"<p>1. Utilisation des cookies Lorsque vous consultez le site www.vantor-closeprotection.com (le \u00ab Site \u00bb), des cookies et autres traceurs peuvent \u00eatre d\u00e9pos\u00e9s sur votre terminal (ordinateur, tablette, smartphone) afin d\u2019assurer le bon fonctionnement du Site, mesurer son audience et, le cas \u00e9ch\u00e9ant, vous proposer des contenus personnalis\u00e9s.\u200b Vous pouvez \u00e0 tout moment accepter, refuser ou [&hellip;]<\/p>\n","protected":false},"author":1,"featured_media":0,"parent":0,"menu_order":0,"comment_status":"closed","ping_status":"closed","template":"","meta":{"footnotes":""},"class_list":["post-8416","page","type-page","status-publish","hentry"],"yoast_head":"<!-- This site is optimized with the Yoast SEO Premium plugin v20.3 (Yoast SEO v26.7) - https:\/\/yoast.com\/wordpress\/plugins\/seo\/ -->\n<title>Politique de cookies | Vantor<\/title>\n<meta name=\"description\" content=\"Cette politique de cookies explique l\u2019utilisation des cookies et technologies similaires par Vantor \u00e0 des fins de conformit\u00e9 et d\u2019exp\u00e9rience utilisateur.\" \/>\n<meta name=\"robots\" content=\"index, follow, max-snippet:-1, max-image-preview:large, max-video-preview:-1\" \/>\n<link rel=\"canonical\" href=\"https:\/\/www.vantor-closeprotection.com\/fr\/politique-cookies\/\" \/>\n<meta property=\"og:locale\" content=\"fr_FR\" \/>\n<meta property=\"og:type\" content=\"article\" \/>\n<meta property=\"og:title\" content=\"Cookies\" \/>\n<meta property=\"og:description\" content=\"Cette politique de cookies explique l\u2019utilisation des cookies et technologies similaires par Vantor \u00e0 des fins de conformit\u00e9 et d\u2019exp\u00e9rience utilisateur.\" \/>\n<meta property=\"og:url\" content=\"https:\/\/www.vantor-closeprotection.com\/fr\/politique-cookies\/\" \/>\n<meta property=\"og:site_name\" content=\"Vantor\" \/>\n<meta property=\"article:modified_time\" content=\"2026-01-13T14:38:48+00:00\" \/>\n<meta name=\"twitter:card\" content=\"summary_large_image\" \/>\n<meta name=\"twitter:label1\" content=\"Dur\u00e9e de lecture estim\u00e9e\" \/>\n\t<meta name=\"twitter:data1\" content=\"2 minutes\" \/>\n<script type=\"application\/ld+json\" class=\"yoast-schema-graph\">{\"@context\":\"https:\/\/schema.org\",\"@graph\":[{\"@type\":\"WebPage\",\"@id\":\"https:\/\/www.vantor-closeprotection.com\/fr\/politique-cookies\/\",\"url\":\"https:\/\/www.vantor-closeprotection.com\/fr\/politique-cookies\/\",\"name\":\"Politique de cookies | Vantor\",\"isPartOf\":{\"@id\":\"https:\/\/www.vantor-closeprotection.com\/#website\"},\"datePublished\":\"2025-12-23T09:38:26+00:00\",\"dateModified\":\"2026-01-13T14:38:48+00:00\",\"description\":\"Cette politique de cookies explique l\u2019utilisation des cookies et technologies similaires par Vantor \u00e0 des fins de conformit\u00e9 et d\u2019exp\u00e9rience utilisateur.\",\"breadcrumb\":{\"@id\":\"https:\/\/www.vantor-closeprotection.com\/fr\/politique-cookies\/#breadcrumb\"},\"inLanguage\":\"fr-FR\",\"potentialAction\":[{\"@type\":\"ReadAction\",\"target\":[\"https:\/\/www.vantor-closeprotection.com\/fr\/politique-cookies\/\"]}]},{\"@type\":\"BreadcrumbList\",\"@id\":\"https:\/\/www.vantor-closeprotection.com\/fr\/politique-cookies\/#breadcrumb\",\"itemListElement\":[{\"@type\":\"ListItem\",\"position\":1,\"name\":\"Home\",\"item\":\"https:\/\/www.vantor-closeprotection.com\/\"},{\"@type\":\"ListItem\",\"position\":2,\"name\":\"Cookies\"}]},{\"@type\":\"WebSite\",\"@id\":\"https:\/\/www.vantor-closeprotection.com\/#website\",\"url\":\"https:\/\/www.vantor-closeprotection.com\/\",\"name\":\"Vantor\",\"description\":\"Risk Management\",\"potentialAction\":[{\"@type\":\"SearchAction\",\"target\":{\"@type\":\"EntryPoint\",\"urlTemplate\":\"https:\/\/www.vantor-closeprotection.com\/?s={search_term_string}\"},\"query-input\":{\"@type\":\"PropertyValueSpecification\",\"valueRequired\":true,\"valueName\":\"search_term_string\"}}],\"inLanguage\":\"fr-FR\"}]}<\/script>\n<!-- \/ Yoast SEO Premium plugin. -->","yoast_head_json":{"title":"Politique de cookies | Vantor","description":"Cette politique de cookies explique l\u2019utilisation des cookies et technologies similaires par Vantor \u00e0 des fins de conformit\u00e9 et d\u2019exp\u00e9rience utilisateur.","robots":{"index":"index","follow":"follow","max-snippet":"max-snippet:-1","max-image-preview":"max-image-preview:large","max-video-preview":"max-video-preview:-1"},"canonical":"https:\/\/www.vantor-closeprotection.com\/fr\/politique-cookies\/","og_locale":"fr_FR","og_type":"article","og_title":"Cookies","og_description":"Cette politique de cookies explique l\u2019utilisation des cookies et technologies similaires par Vantor \u00e0 des fins de conformit\u00e9 et d\u2019exp\u00e9rience utilisateur.","og_url":"https:\/\/www.vantor-closeprotection.com\/fr\/politique-cookies\/","og_site_name":"Vantor","article_modified_time":"2026-01-13T14:38:48+00:00","twitter_card":"summary_large_image","twitter_misc":{"Dur\u00e9e de lecture estim\u00e9e":"2 minutes"},"schema":{"@context":"https:\/\/schema.org","@graph":[{"@type":"WebPage","@id":"https:\/\/www.vantor-closeprotection.com\/fr\/politique-cookies\/","url":"https:\/\/www.vantor-closeprotection.com\/fr\/politique-cookies\/","name":"Politique de cookies | Vantor","isPartOf":{"@id":"https:\/\/www.vantor-closeprotection.com\/#website"},"datePublished":"2025-12-23T09:38:26+00:00","dateModified":"2026-01-13T14:38:48+00:00","description":"Cette politique de cookies explique l\u2019utilisation des cookies et technologies similaires par Vantor \u00e0 des fins de conformit\u00e9 et d\u2019exp\u00e9rience utilisateur.","breadcrumb":{"@id":"https:\/\/www.vantor-closeprotection.com\/fr\/politique-cookies\/#breadcrumb"},"inLanguage":"fr-FR","potentialAction":[{"@type":"ReadAction","target":["https:\/\/www.vantor-closeprotection.com\/fr\/politique-cookies\/"]}]},{"@type":"BreadcrumbList","@id":"https:\/\/www.vantor-closeprotection.com\/fr\/politique-cookies\/#breadcrumb","itemListElement":[{"@type":"ListItem","position":1,"name":"Home","item":"https:\/\/www.vantor-closeprotection.com\/"},{"@type":"ListItem","position":2,"name":"Cookies"}]},{"@type":"WebSite","@id":"https:\/\/www.vantor-closeprotection.com\/#website","url":"https:\/\/www.vantor-closeprotection.com\/","name":"Vantor","description":"Risk Management","potentialAction":[{"@type":"SearchAction","target":{"@type":"EntryPoint","urlTemplate":"https:\/\/www.vantor-closeprotection.com\/?s={search_term_string}"},"query-input":{"@type":"PropertyValueSpecification","valueRequired":true,"valueName":"search_term_string"}}],"inLanguage":"fr-FR"}]}},"_links":{"self":[{"href":"https:\/\/www.vantor-closeprotection.com\/fr\/wp-json\/wp\/v2\/pages\/8416","targetHints":{"allow":["GET"]}}],"collection":[{"href":"https:\/\/www.vantor-closeprotection.com\/fr\/wp-json\/wp\/v2\/pages"}],"about":[{"href":"https:\/\/www.vantor-closeprotection.com\/fr\/wp-json\/wp\/v2\/types\/page"}],"author":[{"embeddable":true,"href":"https:\/\/www.vantor-closeprotection.com\/fr\/wp-json\/wp\/v2\/users\/1"}],"replies":[{"embeddable":true,"href":"https:\/\/www.vantor-closeprotection.com\/fr\/wp-json\/wp\/v2\/comments?post=8416"}],"version-history":[{"count":26,"href":"https:\/\/www.vantor-closeprotection.com\/fr\/wp-json\/wp\/v2\/pages\/8416\/revisions"}],"predecessor-version":[{"id":8841,"href":"https:\/\/www.vantor-closeprotection.com\/fr\/wp-json\/wp\/v2\/pages\/8416\/revisions\/8841"}],"wp:attachment":[{"href":"https:\/\/www.vantor-closeprotection.com\/fr\/wp-json\/wp\/v2\/media?parent=8416"}],"curies":[{"name":"wp","href":"https:\/\/api.w.org\/{rel}","templated":true}]}}