{"id":8438,"date":"2025-12-23T10:38:07","date_gmt":"2025-12-23T09:38:07","guid":{"rendered":"https:\/\/www.vantor-closeprotection.com\/privacy-policy\/"},"modified":"2026-01-13T15:38:17","modified_gmt":"2026-01-13T14:38:17","slug":"politique-confidentialite","status":"publish","type":"page","link":"https:\/\/www.vantor-closeprotection.com\/fr\/politique-confidentialite\/","title":{"rendered":"Politique de confidentialit\u00e9"},"content":{"rendered":"\t\t<div data-elementor-type=\"wp-page\" data-elementor-id=\"8438\" class=\"elementor elementor-8438\" data-elementor-post-type=\"page\">\n\t\t\t\t<div class=\"elementor-element elementor-element-5340229 e-flex e-con-boxed e-con e-parent\" data-id=\"5340229\" data-element_type=\"container\">\n\t\t\t\t\t<div class=\"e-con-inner\">\n\t\t<div class=\"elementor-element elementor-element-bd5eea0 e-con-full e-flex e-con e-child\" data-id=\"bd5eea0\" data-element_type=\"container\">\n\t\t\t\t<\/div>\n\t\t<div class=\"elementor-element elementor-element-b05f8ab e-con-full e-flex e-con e-child\" data-id=\"b05f8ab\" data-element_type=\"container\">\n\t\t\t\t<div class=\"elementor-element elementor-element-5693e8b elementor-widget elementor-widget-text-editor\" data-id=\"5693e8b\" data-element_type=\"widget\" data-widget_type=\"text-editor.default\">\n\t\t\t\t<div class=\"elementor-widget-container\">\n\t\t\t\t\t\t\t\t\tDerni\u00e8re mise \u00e0 jour : 06 janvier 2026\t\t\t\t\t\t\t\t<\/div>\n\t\t\t\t<\/div>\n\t\t\t\t<div class=\"elementor-element elementor-element-136fc88 elementor-widget elementor-widget-text-editor\" data-id=\"136fc88\" data-element_type=\"widget\" data-widget_type=\"text-editor.default\">\n\t\t\t\t<div class=\"elementor-widget-container\">\n\t\t\t\t\t\t\t\t\tLa pr\u00e9sente politique de confidentialit\u00e9 explique comment VANTOR CONSULTING \u2013 FZCO (\u00ab nous \u00bb, \u00ab notre \u00bb) collecte et utilise vos donn\u00e9es personnelles lorsque vous visitez le site <a href=\"http:\/\/www.vantor-closeprotection.com\" target=\"_blank\" rel=\"noopener\">www.vantor-closeprotection.com<\/a> (le \u00ab Site \u00bb) et lorsque vous nous contactez.\n\t\t\t\t\t\t\t\t<\/div>\n\t\t\t\t<\/div>\n\t\t\t\t<div class=\"elementor-element elementor-element-d42b3f8 elementor-widget elementor-widget-hub_fancy_heading\" data-id=\"d42b3f8\" data-element_type=\"widget\" data-widget_type=\"hub_fancy_heading.default\">\n\t\t\t\t<div class=\"elementor-widget-container\">\n\t\t\t\t\t\n\t\t<div id=\"ld-fancy-heading-69e23c5b405fb\" class=\"ld-fancy-heading pos-rel\">\n\t\t\t<h2 class=\"ld-fh-element d-inline-block pos-rel  elementor-heading-title lqd-highlight-classic lqd-highlight-grow-left h2\"  > 1. Responsable du traitement<\/h2>\t\t<\/div>\n\n\t\t\t\t\t\t<\/div>\n\t\t\t\t<\/div>\n\t\t\t\t<div class=\"elementor-element elementor-element-d66ba22 elementor-widget elementor-widget-text-editor\" data-id=\"d66ba22\" data-element_type=\"widget\" data-widget_type=\"text-editor.default\">\n\t\t\t\t<div class=\"elementor-widget-container\">\n\t\t\t\t\t\t\t\t\tLe responsable du traitement est :\nVANTOR CONSULTING \u2013 FZCO\nDUQE SQUARE BUSINESS CENTER, MINA RASHID, QE2\nDubai, United Arab Emirates\nAdresse de contact :<a href=\"mailto:contact@vantor-closeprotection.com\" target=\"_blank\" rel=\"noopener\">contact@vantor-closeprotection.com<\/a>\t\t\t\t\t\t\t\t<\/div>\n\t\t\t\t<\/div>\n\t\t\t\t<div class=\"elementor-element elementor-element-b95e477 elementor-widget elementor-widget-hub_fancy_heading\" data-id=\"b95e477\" data-element_type=\"widget\" data-widget_type=\"hub_fancy_heading.default\">\n\t\t\t\t<div class=\"elementor-widget-container\">\n\t\t\t\t\t\n\t\t<div id=\"ld-fancy-heading-69e23c5b40da9\" class=\"ld-fancy-heading pos-rel\">\n\t\t\t<h2 class=\"ld-fh-element d-inline-block pos-rel  elementor-heading-title lqd-highlight-classic lqd-highlight-grow-left h2\"  > 2. Donn\u00e9es personnelles collect\u00e9es<\/h2>\t\t<\/div>\n\n\t\t\t\t\t\t<\/div>\n\t\t\t\t<\/div>\n\t\t\t\t<div class=\"elementor-element elementor-element-cb7e8f4 elementor-widget elementor-widget-text-editor\" data-id=\"cb7e8f4\" data-element_type=\"widget\" data-widget_type=\"text-editor.default\">\n\t\t\t\t<div class=\"elementor-widget-container\">\n\t\t\t\t\t\t\t\t\tNous ne collectons que les donn\u00e9es que vous choisissez de nous transmettre ou qui sont g\u00e9n\u00e9r\u00e9es par votre utilisation du Site, notamment :\n\n<ul>\n \t<li>Donn\u00e9es d\u2019identification et de contact : nom, pr\u00e9nom, adresse e-mail, num\u00e9ro de t\u00e9l\u00e9phone ainsi que toute information que vous indiquez dans votre message lorsque vous nous contactez (formulaire ou e-mail direct).\n<\/li>\n \t<li>Donn\u00e9es techniques et de navigation : adresse IP, type de navigateur, pages consult\u00e9es, dur\u00e9e de visite et informations similaires recueillies gr\u00e2ce aux cookies et technologies similaires (voir notre Politique de cookies).\n<\/li>\n<\/ul>\nNous ne collectons pas intentionnellement de donn\u00e9es sensibles via le Site (par exemple donn\u00e9es de sant\u00e9, donn\u00e9es biom\u00e9triques ou informations relatives \u00e0 des infractions).\t\t\t\t\t\t\t\t<\/div>\n\t\t\t\t<\/div>\n\t\t\t\t<div class=\"elementor-element elementor-element-bdd8a19 elementor-widget elementor-widget-hub_fancy_heading\" data-id=\"bdd8a19\" data-element_type=\"widget\" data-widget_type=\"hub_fancy_heading.default\">\n\t\t\t\t<div class=\"elementor-widget-container\">\n\t\t\t\t\t\n\t\t<div id=\"ld-fancy-heading-69e23c5b4135c\" class=\"ld-fancy-heading pos-rel\">\n\t\t\t<h2 class=\"ld-fh-element d-inline-block pos-rel  elementor-heading-title lqd-highlight-classic lqd-highlight-grow-left h2\"  > 3. Finalit\u00e9s et bases l\u00e9gales<\/h2>\t\t<\/div>\n\n\t\t\t\t\t\t<\/div>\n\t\t\t\t<\/div>\n\t\t\t\t<div class=\"elementor-element elementor-element-4c53267 elementor-widget elementor-widget-text-editor\" data-id=\"4c53267\" data-element_type=\"widget\" data-widget_type=\"text-editor.default\">\n\t\t\t\t<div class=\"elementor-widget-container\">\n\t\t\t\t\t\t\t\t\tVos donn\u00e9es personnelles peuvent \u00eatre utilis\u00e9es pour les finalit\u00e9s suivantes :\n<ul>\n \t<li>R\u00e9pondre \u00e0 vos demandes d\u2019information et \u00e0 vos sollicitations concernant nos services de protection rapproch\u00e9e et de conseil (int\u00e9r\u00eat l\u00e9gitime \u00e0 communiquer avec les prospects et clients, et le cas \u00e9ch\u00e9ant ex\u00e9cution de mesures pr\u00e9contractuelles).<\/li>\n \t<li>G\u00e9rer et suivre la relation commerciale avec nos clients et partenaires (ex\u00e9cution du contrat et int\u00e9r\u00eat l\u00e9gitime \u00e0 assurer la bonne fourniture de nos services).<\/li>\n \t<li>Assurer le fonctionnement, la s\u00e9curit\u00e9 et l\u2019am\u00e9lioration du Site, y compris la mesure d\u2019audience et l\u2019optimisation de nos campagnes marketing (int\u00e9r\u00eat l\u00e9gitime et, pour les cookies non essentiels, votre consentement pr\u00e9alable).<\/li>\n<li>Respecter nos obligations l\u00e9gales et r\u00e9glementaires, notamment aux \u00c9mirats arabes unis (obligation l\u00e9gale).<\/li>\n<\/ul>\nSi nous devions nous fonder sur votre consentement pour certains traitements sp\u00e9cifiques, vous en seriez inform\u00e9 et pourriez retirer ce consentement \u00e0 tout moment.\t\t\t\t\t\t\t\t<\/div>\n\t\t\t\t<\/div>\n\t\t\t\t<div class=\"elementor-element elementor-element-3819b79 elementor-widget elementor-widget-hub_fancy_heading\" data-id=\"3819b79\" data-element_type=\"widget\" data-widget_type=\"hub_fancy_heading.default\">\n\t\t\t\t<div class=\"elementor-widget-container\">\n\t\t\t\t\t\n\t\t<div id=\"ld-fancy-heading-69e23c5b41a20\" class=\"ld-fancy-heading pos-rel\">\n\t\t\t<h2 class=\"ld-fh-element d-inline-block pos-rel  elementor-heading-title lqd-highlight-classic lqd-highlight-grow-left h2\"  > 4. Dur\u00e9e de conservation<\/h2>\t\t<\/div>\n\n\t\t\t\t\t\t<\/div>\n\t\t\t\t<\/div>\n\t\t\t\t<div class=\"elementor-element elementor-element-e08b152 elementor-widget elementor-widget-text-editor\" data-id=\"e08b152\" data-element_type=\"widget\" data-widget_type=\"text-editor.default\">\n\t\t\t\t<div class=\"elementor-widget-container\">\n\t\t\t\t\t\t\t\t\tLes donn\u00e9es personnelles sont conserv\u00e9es uniquement pendant la dur\u00e9e n\u00e9cessaire aux finalit\u00e9s d\u00e9crites ci-dessus, puis supprim\u00e9es ou anonymis\u00e9es :\n<ul>\n \t<li>Donn\u00e9es de contact et de demande : conserv\u00e9es le temps de traiter votre demande et, le cas \u00e9ch\u00e9ant, pendant la dur\u00e9e de la relation pr\u00e9contractuelle, puis pendant une p\u00e9riode limit\u00e9e n\u00e9cessaire \u00e0 la gestion d\u2019\u00e9ventuels litiges.<\/li>\n \t<li>Donn\u00e9es clients et contractuelles : conserv\u00e9es pendant la dur\u00e9e de la relation contractuelle, puis archiv\u00e9es pendant les d\u00e9lais de prescription et obligations l\u00e9gales applicables.<\/li>\n \t<li>Cookies et identifiants en ligne : conserv\u00e9s pour les dur\u00e9es pr\u00e9cis\u00e9es dans notre Politique de cookies et, en tout \u00e9tat de cause, conform\u00e9ment au droit applicable.<\/li>\n<\/ul>\nNous r\u00e9visons r\u00e9guli\u00e8rement les donn\u00e9es conserv\u00e9es et les supprimons lorsqu\u2019elles ne sont plus n\u00e9cessaires.\t\t\t\t\t\t\t\t<\/div>\n\t\t\t\t<\/div>\n\t\t\t\t<div class=\"elementor-element elementor-element-b657e8d elementor-widget elementor-widget-hub_fancy_heading\" data-id=\"b657e8d\" data-element_type=\"widget\" data-widget_type=\"hub_fancy_heading.default\">\n\t\t\t\t<div class=\"elementor-widget-container\">\n\t\t\t\t\t\n\t\t<div id=\"ld-fancy-heading-69e23c5b42138\" class=\"ld-fancy-heading pos-rel\">\n\t\t\t<h2 class=\"ld-fh-element d-inline-block pos-rel  elementor-heading-title lqd-highlight-classic lqd-highlight-grow-left h2\"  > 5. Partage et transferts de donn\u00e9es<\/h2>\t\t<\/div>\n\n\t\t\t\t\t\t<\/div>\n\t\t\t\t<\/div>\n\t\t\t\t<div class=\"elementor-element elementor-element-07369ea elementor-widget elementor-widget-text-editor\" data-id=\"07369ea\" data-element_type=\"widget\" data-widget_type=\"text-editor.default\">\n\t\t\t\t<div class=\"elementor-widget-container\">\n\t\t\t\t\t\t\t\t\t<p>Nous pouvons transmettre vos donn\u00e9es personnelles, de mani\u00e8re limit\u00e9e et encadr\u00e9e, aux destinataires suivants :<\/p><ul><li>Nos \u00e9quipes internes impliqu\u00e9es dans la fourniture des services de protection rapproch\u00e9e et de conseil.<\/li><li>Nos prestataires techniques et d\u2019h\u00e9bergement, ainsi que nos prestataires informatiques et marketing (par exemple outils d\u2019analytique ou de publicit\u00e9) qui nous aident \u00e0 exploiter le Site et nos campagnes.<\/li><li>Nos conseils (avocats, comptables, auditeurs) et, le cas \u00e9ch\u00e9ant, les autorit\u00e9s publiques ou organismes de r\u00e9gulation, uniquement pour respecter nos obligations l\u00e9gales ou d\u00e9fendre nos droits.<\/li><\/ul><p>\u00c9tant bas\u00e9s aux \u00c9mirats arabes unis, certaines donn\u00e9es peuvent \u00eatre stock\u00e9es ou accessibles en dehors de votre pays de r\u00e9sidence. Lorsque la loi l\u2019exige, des garanties appropri\u00e9es sont mises en place pour encadrer ces transferts internationaux.<br \/>Nous ne vendons pas vos donn\u00e9es personnelles.<\/p>\t\t\t\t\t\t\t\t<\/div>\n\t\t\t\t<\/div>\n\t\t\t\t<div class=\"elementor-element elementor-element-dd7860d elementor-widget elementor-widget-hub_fancy_heading\" data-id=\"dd7860d\" data-element_type=\"widget\" data-widget_type=\"hub_fancy_heading.default\">\n\t\t\t\t<div class=\"elementor-widget-container\">\n\t\t\t\t\t\n\t\t<div id=\"ld-fancy-heading-69e23c5b4284b\" class=\"ld-fancy-heading pos-rel\">\n\t\t\t<h2 class=\"ld-fh-element d-inline-block pos-rel  elementor-heading-title lqd-highlight-classic lqd-highlight-grow-left h2\"  > 6. Vos droits<\/h2>\t\t<\/div>\n\n\t\t\t\t\t\t<\/div>\n\t\t\t\t<\/div>\n\t\t\t\t<div class=\"elementor-element elementor-element-a76a237 elementor-widget elementor-widget-text-editor\" data-id=\"a76a237\" data-element_type=\"widget\" data-widget_type=\"text-editor.default\">\n\t\t\t\t<div class=\"elementor-widget-container\">\n\t\t\t\t\t\t\t\t\tSous r\u00e9serve du droit applicable, vous disposez notamment des droits suivants sur vos donn\u00e9es personnelles :\n<ul>\n \t<li>Droit d\u2019acc\u00e8s : obtenir la confirmation que nous traitons vos donn\u00e9es et en recevoir une copie.<\/li>\n \t<li>Droit de rectification : faire corriger les donn\u00e9es inexactes ou incompl\u00e8tes.<\/li>\n \t<li>Droit \u00e0 l\u2019effacement : demander la suppression de vos donn\u00e9es lorsqu\u2019elles ne sont plus n\u00e9cessaires ou lorsque vous vous opposez valablement au traitement.<\/li>\n \t<li>Droit \u00e0 la limitation : demander, dans certains cas, que l\u2019utilisation de vos donn\u00e9es soit limit\u00e9e.<\/li>\n \t<li>Droit d\u2019opposition : vous opposer \u00e0 tout moment, pour des raisons tenant \u00e0 votre situation particuli\u00e8re, aux traitements fond\u00e9s sur nos int\u00e9r\u00eats l\u00e9gitimes, notamment certains traitements \u00e0 des fins de prospection.<\/li>\n \t<li>Droit de retirer votre consentement : lorsque le traitement repose sur votre consentement, vous pouvez le retirer \u00e0 tout moment, sans remettre en cause la lic\u00e9it\u00e9 du traitement ant\u00e9rieur au retrait.<\/li>\n<\/ul>\nPour exercer vos droits ou poser toute question relative \u00e0 la pr\u00e9sente politique, vous pouvez nous contacter \u00e0 l\u2019adresse : <a href=\"mailto:contact@vantor-closeprotection.com\" target=\"_blank\" rel=\"noopener\">contact@vantor-closeprotection.com<\/a>.\nNous pourrons \u00eatre amen\u00e9s \u00e0 vous demander un justificatif d\u2019identit\u00e9 si n\u00e9cessaire pour traiter votre demande.\nSelon votre pays de r\u00e9sidence, vous pouvez \u00e9galement disposer du droit d\u2019introduire une r\u00e9clamation aupr\u00e8s d\u2019une autorit\u00e9 de protection des donn\u00e9es comp\u00e9tente.\t\t\t\t\t\t\t\t<\/div>\n\t\t\t\t<\/div>\n\t\t\t\t<div class=\"elementor-element elementor-element-365967e elementor-widget elementor-widget-hub_fancy_heading\" data-id=\"365967e\" data-element_type=\"widget\" data-widget_type=\"hub_fancy_heading.default\">\n\t\t\t\t<div class=\"elementor-widget-container\">\n\t\t\t\t\t\n\t\t<div id=\"ld-fancy-heading-69e23c5b42ed2\" class=\"ld-fancy-heading pos-rel\">\n\t\t\t<h2 class=\"ld-fh-element d-inline-block pos-rel  elementor-heading-title lqd-highlight-classic lqd-highlight-grow-left h2\"  > 7. S\u00e9curit\u00e9<\/h2>\t\t<\/div>\n\n\t\t\t\t\t\t<\/div>\n\t\t\t\t<\/div>\n\t\t\t\t<div class=\"elementor-element elementor-element-402b88d elementor-widget elementor-widget-text-editor\" data-id=\"402b88d\" data-element_type=\"widget\" data-widget_type=\"text-editor.default\">\n\t\t\t\t<div class=\"elementor-widget-container\">\n\t\t\t\t\t\t\t\t\tNous mettons en \u0153uvre des mesures techniques et organisationnelles appropri\u00e9es pour prot\u00e9ger vos donn\u00e9es personnelles contre la perte, l\u2019acc\u00e8s non autoris\u00e9, la divulgation ou l\u2019alt\u00e9ration.\nToutefois, aucun moyen de transmission sur Internet ni de stockage \u00e9lectronique n\u2019est totalement s\u00e9curis\u00e9 et nous ne pouvons garantir une s\u00e9curit\u00e9 absolue.\t\t\t\t\t\t\t\t<\/div>\n\t\t\t\t<\/div>\n\t\t\t\t<div class=\"elementor-element elementor-element-40d2fc6 elementor-widget elementor-widget-hub_fancy_heading\" data-id=\"40d2fc6\" data-element_type=\"widget\" data-widget_type=\"hub_fancy_heading.default\">\n\t\t\t\t<div class=\"elementor-widget-container\">\n\t\t\t\t\t\n\t\t<div id=\"ld-fancy-heading-69e23c5b4366d\" class=\"ld-fancy-heading pos-rel\">\n\t\t\t<h2 class=\"ld-fh-element d-inline-block pos-rel  elementor-heading-title lqd-highlight-classic lqd-highlight-grow-left h2\"  > 8. Sites et services tiers<\/h2>\t\t<\/div>\n\n\t\t\t\t\t\t<\/div>\n\t\t\t\t<\/div>\n\t\t\t\t<div class=\"elementor-element elementor-element-fd1f8ff elementor-widget elementor-widget-text-editor\" data-id=\"fd1f8ff\" data-element_type=\"widget\" data-widget_type=\"text-editor.default\">\n\t\t\t\t<div class=\"elementor-widget-container\">\n\t\t\t\t\t\t\t\t\tLe Site peut contenir des liens vers des sites ou services tiers qui ne sont pas exploit\u00e9s par nous.\nNous d\u00e9clinons toute responsabilit\u00e9 quant \u00e0 leurs contenus ou \u00e0 leurs pratiques en mati\u00e8re de confidentialit\u00e9 et vous invitons \u00e0 consulter leurs propres politiques de confidentialit\u00e9.\t\t\t\t\t\t\t\t<\/div>\n\t\t\t\t<\/div>\n\t\t\t\t<div class=\"elementor-element elementor-element-a7f8dc3 elementor-widget elementor-widget-hub_fancy_heading\" data-id=\"a7f8dc3\" data-element_type=\"widget\" data-widget_type=\"hub_fancy_heading.default\">\n\t\t\t\t<div class=\"elementor-widget-container\">\n\t\t\t\t\t\n\t\t<div id=\"ld-fancy-heading-69e23c5b43dcd\" class=\"ld-fancy-heading pos-rel\">\n\t\t\t<h2 class=\"ld-fh-element d-inline-block pos-rel  elementor-heading-title lqd-highlight-classic lqd-highlight-grow-left h2\"  > 9. Mise \u00e0 jour de la pr\u00e9sente politique<\/h2>\t\t<\/div>\n\n\t\t\t\t\t\t<\/div>\n\t\t\t\t<\/div>\n\t\t\t\t<div class=\"elementor-element elementor-element-44dc0a3 elementor-widget elementor-widget-text-editor\" data-id=\"44dc0a3\" data-element_type=\"widget\" data-widget_type=\"text-editor.default\">\n\t\t\t\t<div class=\"elementor-widget-container\">\n\t\t\t\t\t\t\t\t\tNous pouvons modifier ponctuellement la pr\u00e9sente Politique de confidentialit\u00e9, notamment pour tenir compte de l\u2019\u00e9volution de nos pratiques ou des exigences l\u00e9gales.\nLa version mise \u00e0 jour sera publi\u00e9e sur cette page avec une nouvelle date de \u00ab Derni\u00e8re mise \u00e0 jour \u00bb et s\u2019appliquera d\u00e8s sa mise en ligne.\t\t\t\t\t\t\t\t<\/div>\n\t\t\t\t<\/div>\n\t\t\t\t<\/div>\n\t\t<div class=\"elementor-element elementor-element-0335c1c e-con-full e-flex e-con e-child\" data-id=\"0335c1c\" data-element_type=\"container\">\n\t\t\t\t<\/div>\n\t\t\t\t\t<\/div>\n\t\t\t\t<\/div>\n\t\t\t\t<\/div>\n\t\t","protected":false},"excerpt":{"rendered":"<p>Derni\u00e8re mise \u00e0 jour : 06 janvier 2026La pr\u00e9sente politique de confidentialit\u00e9 explique comment VANTOR CONSULTING \u2013 FZCO (\u00ab nous \u00bb, \u00ab notre \u00bb) collecte et utilise vos donn\u00e9es personnelles lorsque vous visitez le site www.vantor-closeprotection.com (le \u00ab Site \u00bb) et lorsque vous nous contactez. 1. Responsable du traitement Le responsable du traitement est : [&hellip;]<\/p>\n","protected":false},"author":1,"featured_media":0,"parent":0,"menu_order":0,"comment_status":"closed","ping_status":"closed","template":"","meta":{"footnotes":""},"class_list":["post-8438","page","type-page","status-publish","hentry"],"yoast_head":"<!-- This site is optimized with the Yoast SEO Premium plugin v20.3 (Yoast SEO v26.7) - https:\/\/yoast.com\/wordpress\/plugins\/seo\/ -->\n<title>Politique de confidentialit\u00e9 | Vantor<\/title>\n<meta name=\"description\" content=\"D\u00e9couvrez comment Vantor collecte, traite et prot\u00e8ge les donn\u00e9es personnelles conform\u00e9ment aux r\u00e9glementations en vigueur.\" \/>\n<meta name=\"robots\" content=\"index, follow, max-snippet:-1, max-image-preview:large, max-video-preview:-1\" \/>\n<link rel=\"canonical\" href=\"https:\/\/www.vantor-closeprotection.com\/fr\/politique-confidentialite\/\" \/>\n<meta property=\"og:locale\" content=\"fr_FR\" \/>\n<meta property=\"og:type\" content=\"article\" \/>\n<meta property=\"og:title\" content=\"Politique de confidentialit\u00e9\" \/>\n<meta property=\"og:description\" content=\"D\u00e9couvrez comment Vantor collecte, traite et prot\u00e8ge les donn\u00e9es personnelles conform\u00e9ment aux r\u00e9glementations en vigueur.\" \/>\n<meta property=\"og:url\" content=\"https:\/\/www.vantor-closeprotection.com\/fr\/politique-confidentialite\/\" \/>\n<meta property=\"og:site_name\" content=\"Vantor\" \/>\n<meta property=\"article:modified_time\" content=\"2026-01-13T14:38:17+00:00\" \/>\n<meta name=\"twitter:card\" content=\"summary_large_image\" \/>\n<meta name=\"twitter:label1\" content=\"Dur\u00e9e de lecture estim\u00e9e\" \/>\n\t<meta name=\"twitter:data1\" content=\"5 minutes\" \/>\n<script type=\"application\/ld+json\" class=\"yoast-schema-graph\">{\"@context\":\"https:\/\/schema.org\",\"@graph\":[{\"@type\":\"WebPage\",\"@id\":\"https:\/\/www.vantor-closeprotection.com\/fr\/politique-confidentialite\/\",\"url\":\"https:\/\/www.vantor-closeprotection.com\/fr\/politique-confidentialite\/\",\"name\":\"Politique de confidentialit\u00e9 | Vantor\",\"isPartOf\":{\"@id\":\"https:\/\/www.vantor-closeprotection.com\/#website\"},\"datePublished\":\"2025-12-23T09:38:07+00:00\",\"dateModified\":\"2026-01-13T14:38:17+00:00\",\"description\":\"D\u00e9couvrez comment Vantor collecte, traite et prot\u00e8ge les donn\u00e9es personnelles conform\u00e9ment aux r\u00e9glementations en vigueur.\",\"breadcrumb\":{\"@id\":\"https:\/\/www.vantor-closeprotection.com\/fr\/politique-confidentialite\/#breadcrumb\"},\"inLanguage\":\"fr-FR\",\"potentialAction\":[{\"@type\":\"ReadAction\",\"target\":[\"https:\/\/www.vantor-closeprotection.com\/fr\/politique-confidentialite\/\"]}]},{\"@type\":\"BreadcrumbList\",\"@id\":\"https:\/\/www.vantor-closeprotection.com\/fr\/politique-confidentialite\/#breadcrumb\",\"itemListElement\":[{\"@type\":\"ListItem\",\"position\":1,\"name\":\"Home\",\"item\":\"https:\/\/www.vantor-closeprotection.com\/\"},{\"@type\":\"ListItem\",\"position\":2,\"name\":\"Politique de confidentialit\u00e9\"}]},{\"@type\":\"WebSite\",\"@id\":\"https:\/\/www.vantor-closeprotection.com\/#website\",\"url\":\"https:\/\/www.vantor-closeprotection.com\/\",\"name\":\"Vantor\",\"description\":\"Risk Management\",\"potentialAction\":[{\"@type\":\"SearchAction\",\"target\":{\"@type\":\"EntryPoint\",\"urlTemplate\":\"https:\/\/www.vantor-closeprotection.com\/?s={search_term_string}\"},\"query-input\":{\"@type\":\"PropertyValueSpecification\",\"valueRequired\":true,\"valueName\":\"search_term_string\"}}],\"inLanguage\":\"fr-FR\"}]}<\/script>\n<!-- \/ Yoast SEO Premium plugin. -->","yoast_head_json":{"title":"Politique de confidentialit\u00e9 | Vantor","description":"D\u00e9couvrez comment Vantor collecte, traite et prot\u00e8ge les donn\u00e9es personnelles conform\u00e9ment aux r\u00e9glementations en vigueur.","robots":{"index":"index","follow":"follow","max-snippet":"max-snippet:-1","max-image-preview":"max-image-preview:large","max-video-preview":"max-video-preview:-1"},"canonical":"https:\/\/www.vantor-closeprotection.com\/fr\/politique-confidentialite\/","og_locale":"fr_FR","og_type":"article","og_title":"Politique de confidentialit\u00e9","og_description":"D\u00e9couvrez comment Vantor collecte, traite et prot\u00e8ge les donn\u00e9es personnelles conform\u00e9ment aux r\u00e9glementations en vigueur.","og_url":"https:\/\/www.vantor-closeprotection.com\/fr\/politique-confidentialite\/","og_site_name":"Vantor","article_modified_time":"2026-01-13T14:38:17+00:00","twitter_card":"summary_large_image","twitter_misc":{"Dur\u00e9e de lecture estim\u00e9e":"5 minutes"},"schema":{"@context":"https:\/\/schema.org","@graph":[{"@type":"WebPage","@id":"https:\/\/www.vantor-closeprotection.com\/fr\/politique-confidentialite\/","url":"https:\/\/www.vantor-closeprotection.com\/fr\/politique-confidentialite\/","name":"Politique de confidentialit\u00e9 | Vantor","isPartOf":{"@id":"https:\/\/www.vantor-closeprotection.com\/#website"},"datePublished":"2025-12-23T09:38:07+00:00","dateModified":"2026-01-13T14:38:17+00:00","description":"D\u00e9couvrez comment Vantor collecte, traite et prot\u00e8ge les donn\u00e9es personnelles conform\u00e9ment aux r\u00e9glementations en vigueur.","breadcrumb":{"@id":"https:\/\/www.vantor-closeprotection.com\/fr\/politique-confidentialite\/#breadcrumb"},"inLanguage":"fr-FR","potentialAction":[{"@type":"ReadAction","target":["https:\/\/www.vantor-closeprotection.com\/fr\/politique-confidentialite\/"]}]},{"@type":"BreadcrumbList","@id":"https:\/\/www.vantor-closeprotection.com\/fr\/politique-confidentialite\/#breadcrumb","itemListElement":[{"@type":"ListItem","position":1,"name":"Home","item":"https:\/\/www.vantor-closeprotection.com\/"},{"@type":"ListItem","position":2,"name":"Politique de confidentialit\u00e9"}]},{"@type":"WebSite","@id":"https:\/\/www.vantor-closeprotection.com\/#website","url":"https:\/\/www.vantor-closeprotection.com\/","name":"Vantor","description":"Risk Management","potentialAction":[{"@type":"SearchAction","target":{"@type":"EntryPoint","urlTemplate":"https:\/\/www.vantor-closeprotection.com\/?s={search_term_string}"},"query-input":{"@type":"PropertyValueSpecification","valueRequired":true,"valueName":"search_term_string"}}],"inLanguage":"fr-FR"}]}},"_links":{"self":[{"href":"https:\/\/www.vantor-closeprotection.com\/fr\/wp-json\/wp\/v2\/pages\/8438","targetHints":{"allow":["GET"]}}],"collection":[{"href":"https:\/\/www.vantor-closeprotection.com\/fr\/wp-json\/wp\/v2\/pages"}],"about":[{"href":"https:\/\/www.vantor-closeprotection.com\/fr\/wp-json\/wp\/v2\/types\/page"}],"author":[{"embeddable":true,"href":"https:\/\/www.vantor-closeprotection.com\/fr\/wp-json\/wp\/v2\/users\/1"}],"replies":[{"embeddable":true,"href":"https:\/\/www.vantor-closeprotection.com\/fr\/wp-json\/wp\/v2\/comments?post=8438"}],"version-history":[{"count":8,"href":"https:\/\/www.vantor-closeprotection.com\/fr\/wp-json\/wp\/v2\/pages\/8438\/revisions"}],"predecessor-version":[{"id":8853,"href":"https:\/\/www.vantor-closeprotection.com\/fr\/wp-json\/wp\/v2\/pages\/8438\/revisions\/8853"}],"wp:attachment":[{"href":"https:\/\/www.vantor-closeprotection.com\/fr\/wp-json\/wp\/v2\/media?parent=8438"}],"curies":[{"name":"wp","href":"https:\/\/api.w.org\/{rel}","templated":true}]}}