{"id":8717,"date":"2026-01-09T16:29:17","date_gmt":"2026-01-09T15:29:17","guid":{"rendered":"https:\/\/www.vantor-closeprotection.com\/get-a-free-quote\/"},"modified":"2026-04-14T11:04:17","modified_gmt":"2026-04-14T09:04:17","slug":"devis-gratuit","status":"publish","type":"page","link":"https:\/\/www.vantor-closeprotection.com\/fr\/devis-gratuit\/","title":{"rendered":"Demander un devis"},"content":{"rendered":"\t\t<div data-elementor-type=\"wp-page\" data-elementor-id=\"8717\" class=\"elementor elementor-8717\" data-elementor-post-type=\"page\">\n\t\t\t\t<div class=\"elementor-element elementor-element-1ef68e6 form-devis e-flex e-con-boxed e-con e-parent\" data-id=\"1ef68e6\" data-element_type=\"container\">\n\t\t\t\t\t<div class=\"e-con-inner\">\n\t\t\t\t<div class=\"elementor-element elementor-element-babf97e elementor-widget elementor-widget-html\" data-id=\"babf97e\" data-element_type=\"widget\" data-widget_type=\"html.default\">\n\t\t\t\t<div class=\"elementor-widget-container\">\n\t\t\t\t\t<div displaylogo= \"false\" displaylanguageupdate= \"false\"  attr=\"sp-container-standard\" id=\"sp-container-standard\"  src=\"https:\/\/vantor.spondei.com\/s\/ikBf3ecZ6nc=\" height=\"800\" width=\"100%\" type=\"inline\"><\/div><script src=\"https:\/\/app.spondei.com\/assets\/js\/embedCode.js\"><\/script>\t\t\t\t<\/div>\n\t\t\t\t<\/div>\n\t\t\t\t\t<\/div>\n\t\t\t\t<\/div>\n\t\t\t\t<\/div>\n\t\t","protected":false},"excerpt":{"rendered":"","protected":false},"author":1,"featured_media":0,"parent":0,"menu_order":0,"comment_status":"closed","ping_status":"closed","template":"","meta":{"footnotes":""},"class_list":["post-8717","page","type-page","status-publish","hentry"],"yoast_head":"<!-- This site is optimized with the Yoast SEO Premium plugin v20.3 (Yoast SEO v26.7) - https:\/\/yoast.com\/wordpress\/plugins\/seo\/ -->\n<title>Demande de devis gratuit en conseil en s\u00e9curit\u00e9 | Vantor<\/title>\n<meta name=\"description\" content=\"Demandez un devis gratuit et confidentiel en conseil en s\u00e9curit\u00e9, adapt\u00e9 \u00e0 votre profil de risque et \u00e0 vos besoins sp\u00e9cifiques.\" \/>\n<meta name=\"robots\" content=\"index, follow, max-snippet:-1, max-image-preview:large, max-video-preview:-1\" \/>\n<link rel=\"canonical\" href=\"https:\/\/www.vantor-closeprotection.com\/get-a-free-quote\/\" \/>\n<meta property=\"og:locale\" content=\"fr_FR\" \/>\n<meta property=\"og:type\" content=\"article\" \/>\n<meta property=\"og:title\" content=\"Demander un devis\" \/>\n<meta property=\"og:description\" content=\"Demandez un devis gratuit et confidentiel en conseil en s\u00e9curit\u00e9, adapt\u00e9 \u00e0 votre profil de risque et \u00e0 vos besoins sp\u00e9cifiques.\" \/>\n<meta property=\"og:url\" content=\"https:\/\/www.vantor-closeprotection.com\/get-a-free-quote\/\" \/>\n<meta property=\"og:site_name\" content=\"Vantor\" \/>\n<meta property=\"article:modified_time\" content=\"2026-04-14T09:04:17+00:00\" \/>\n<meta name=\"twitter:card\" content=\"summary_large_image\" \/>\n<script type=\"application\/ld+json\" class=\"yoast-schema-graph\">{\"@context\":\"https:\/\/schema.org\",\"@graph\":[{\"@type\":\"WebPage\",\"@id\":\"https:\/\/www.vantor-closeprotection.com\/get-a-free-quote\/\",\"url\":\"https:\/\/www.vantor-closeprotection.com\/get-a-free-quote\/\",\"name\":\"Demande de devis gratuit en conseil en s\u00e9curit\u00e9 | Vantor\",\"isPartOf\":{\"@id\":\"https:\/\/www.vantor-closeprotection.com\/#website\"},\"datePublished\":\"2026-01-09T15:29:17+00:00\",\"dateModified\":\"2026-04-14T09:04:17+00:00\",\"description\":\"Demandez un devis gratuit et confidentiel en conseil en s\u00e9curit\u00e9, adapt\u00e9 \u00e0 votre profil de risque et \u00e0 vos besoins sp\u00e9cifiques.\",\"breadcrumb\":{\"@id\":\"https:\/\/www.vantor-closeprotection.com\/get-a-free-quote\/#breadcrumb\"},\"inLanguage\":\"fr-FR\",\"potentialAction\":[{\"@type\":\"ReadAction\",\"target\":[\"https:\/\/www.vantor-closeprotection.com\/get-a-free-quote\/\"]}]},{\"@type\":\"BreadcrumbList\",\"@id\":\"https:\/\/www.vantor-closeprotection.com\/get-a-free-quote\/#breadcrumb\",\"itemListElement\":[{\"@type\":\"ListItem\",\"position\":1,\"name\":\"Home\",\"item\":\"https:\/\/www.vantor-closeprotection.com\/\"},{\"@type\":\"ListItem\",\"position\":2,\"name\":\"Demander un devis\"}]},{\"@type\":\"WebSite\",\"@id\":\"https:\/\/www.vantor-closeprotection.com\/#website\",\"url\":\"https:\/\/www.vantor-closeprotection.com\/\",\"name\":\"Vantor\",\"description\":\"Risk Management\",\"potentialAction\":[{\"@type\":\"SearchAction\",\"target\":{\"@type\":\"EntryPoint\",\"urlTemplate\":\"https:\/\/www.vantor-closeprotection.com\/?s={search_term_string}\"},\"query-input\":{\"@type\":\"PropertyValueSpecification\",\"valueRequired\":true,\"valueName\":\"search_term_string\"}}],\"inLanguage\":\"fr-FR\"}]}<\/script>\n<!-- \/ Yoast SEO Premium plugin. -->","yoast_head_json":{"title":"Demande de devis gratuit en conseil en s\u00e9curit\u00e9 | Vantor","description":"Demandez un devis gratuit et confidentiel en conseil en s\u00e9curit\u00e9, adapt\u00e9 \u00e0 votre profil de risque et \u00e0 vos besoins sp\u00e9cifiques.","robots":{"index":"index","follow":"follow","max-snippet":"max-snippet:-1","max-image-preview":"max-image-preview:large","max-video-preview":"max-video-preview:-1"},"canonical":"https:\/\/www.vantor-closeprotection.com\/get-a-free-quote\/","og_locale":"fr_FR","og_type":"article","og_title":"Demander un devis","og_description":"Demandez un devis gratuit et confidentiel en conseil en s\u00e9curit\u00e9, adapt\u00e9 \u00e0 votre profil de risque et \u00e0 vos besoins sp\u00e9cifiques.","og_url":"https:\/\/www.vantor-closeprotection.com\/get-a-free-quote\/","og_site_name":"Vantor","article_modified_time":"2026-04-14T09:04:17+00:00","twitter_card":"summary_large_image","schema":{"@context":"https:\/\/schema.org","@graph":[{"@type":"WebPage","@id":"https:\/\/www.vantor-closeprotection.com\/get-a-free-quote\/","url":"https:\/\/www.vantor-closeprotection.com\/get-a-free-quote\/","name":"Demande de devis gratuit en conseil en s\u00e9curit\u00e9 | Vantor","isPartOf":{"@id":"https:\/\/www.vantor-closeprotection.com\/#website"},"datePublished":"2026-01-09T15:29:17+00:00","dateModified":"2026-04-14T09:04:17+00:00","description":"Demandez un devis gratuit et confidentiel en conseil en s\u00e9curit\u00e9, adapt\u00e9 \u00e0 votre profil de risque et \u00e0 vos besoins sp\u00e9cifiques.","breadcrumb":{"@id":"https:\/\/www.vantor-closeprotection.com\/get-a-free-quote\/#breadcrumb"},"inLanguage":"fr-FR","potentialAction":[{"@type":"ReadAction","target":["https:\/\/www.vantor-closeprotection.com\/get-a-free-quote\/"]}]},{"@type":"BreadcrumbList","@id":"https:\/\/www.vantor-closeprotection.com\/get-a-free-quote\/#breadcrumb","itemListElement":[{"@type":"ListItem","position":1,"name":"Home","item":"https:\/\/www.vantor-closeprotection.com\/"},{"@type":"ListItem","position":2,"name":"Demander un devis"}]},{"@type":"WebSite","@id":"https:\/\/www.vantor-closeprotection.com\/#website","url":"https:\/\/www.vantor-closeprotection.com\/","name":"Vantor","description":"Risk Management","potentialAction":[{"@type":"SearchAction","target":{"@type":"EntryPoint","urlTemplate":"https:\/\/www.vantor-closeprotection.com\/?s={search_term_string}"},"query-input":{"@type":"PropertyValueSpecification","valueRequired":true,"valueName":"search_term_string"}}],"inLanguage":"fr-FR"}]}},"_links":{"self":[{"href":"https:\/\/www.vantor-closeprotection.com\/fr\/wp-json\/wp\/v2\/pages\/8717","targetHints":{"allow":["GET"]}}],"collection":[{"href":"https:\/\/www.vantor-closeprotection.com\/fr\/wp-json\/wp\/v2\/pages"}],"about":[{"href":"https:\/\/www.vantor-closeprotection.com\/fr\/wp-json\/wp\/v2\/types\/page"}],"author":[{"embeddable":true,"href":"https:\/\/www.vantor-closeprotection.com\/fr\/wp-json\/wp\/v2\/users\/1"}],"replies":[{"embeddable":true,"href":"https:\/\/www.vantor-closeprotection.com\/fr\/wp-json\/wp\/v2\/comments?post=8717"}],"version-history":[{"count":25,"href":"https:\/\/www.vantor-closeprotection.com\/fr\/wp-json\/wp\/v2\/pages\/8717\/revisions"}],"predecessor-version":[{"id":9668,"href":"https:\/\/www.vantor-closeprotection.com\/fr\/wp-json\/wp\/v2\/pages\/8717\/revisions\/9668"}],"wp:attachment":[{"href":"https:\/\/www.vantor-closeprotection.com\/fr\/wp-json\/wp\/v2\/media?parent=8717"}],"curies":[{"name":"wp","href":"https:\/\/api.w.org\/{rel}","templated":true}]}}